{"id":17,"date":"2016-01-27T07:42:43","date_gmt":"2016-01-27T06:42:43","guid":{"rendered":"http:\/\/web1149.login-13.loginserver.ch\/?page_id=17"},"modified":"2022-12-03T11:39:25","modified_gmt":"2022-12-03T10:39:25","slug":"contatti","status":"publish","type":"page","link":"https:\/\/gervasi-poschiavo.ch\/index.php\/de\/contatti\/","title":{"rendered":"Contatti"},"content":{"rendered":"<p>[vc_row bottom=&#8221;35px&#8221;][vc_column][vc_column_text]<\/p>\n<h2>Non esitate a\u00a0<span style=\"color: #e74c3c;\">contattarci..<\/span><\/h2>\n<p>Per qualsiasi domanda o richiesta siamo a completa disposizione![\/vc_column_text][\/vc_column][\/vc_row][vc_row top=&#8221;35px&#8221;][vc_column width=&#8221;1\/3&#8243; css=&#8221;.vc_custom_1426022446972{padding-right: 40px !important;}&#8221;][mnky_list_item icon_fontawesome=&#8221;fa fa-clock-o&#8221;]<span style=\"text-transform: uppercase;\">Orari d&#8217;apertura<\/span>[\/mnky_list_item][vc_empty_space height=&#8221;5px&#8221;][vc_column_text]<strong>Luned\u00ec: <\/strong>07:30-12:00 | 13:30-17:00<br \/>\n<strong>Marted\u00ec:<\/strong> 07:30-12:00 | 13:30-17:00<br \/>\n<strong>Mercoled\u00ec:<\/strong> 07:30-12:00 | 13:30-17:00<br \/>\n<strong>Gioved\u00ec: <\/strong>07:30-12:00 | 13:30-17:00<br \/>\n<strong>Venerd\u00ec: <\/strong>07:30-12:00 | 13:30-17:00<br \/>\n<strong>Sabato:\u00a0<\/strong>chiuso<br \/>\n<strong>Domenica:<\/strong> chiuso[\/vc_column_text][vc_empty_space height=&#8221;60px&#8221;][mnky_list_item icon_fontawesome=&#8221;fa fa-home&#8221;]<span style=\"text-transform: uppercase;\">DOVE SIAMO<\/span>[\/mnky_list_item][vc_empty_space height=&#8221;5px&#8221;][vc_column_text]<strong>GERVASI <\/strong><strong>SA<\/strong><\/p>\n<p>Falegnameria e Serramenti<br \/>\nVia da Spultri 26<br \/>\nCH- 7742 Poschiavo<\/p>\n<p><strong>Tel:<\/strong> 081 844 02 38<br \/>\n<strong>Fax:<\/strong> 081 844 15 89<\/p>\n<p><strong>Mail:<\/strong>\u00a0<a href=\"mailto:info@gervasi-poschiavo.ch\">info@gervasi-poschiavo.ch<\/a><\/p>\n<p>[\/vc_column_text][vc_empty_space height=&#8221;60px&#8221;][\/vc_column][vc_column width=&#8221;2\/3&#8243;]\n<div class=\"wpcf7 no-js\" id=\"wpcf7-f6-o1\" lang=\"it-IT\" dir=\"ltr\" data-wpcf7-id=\"6\">\n<div class=\"screen-reader-response\"><p role=\"status\" aria-live=\"polite\" aria-atomic=\"true\"><\/p> <ul><\/ul><\/div>\n<form action=\"\/index.php\/wp-json\/wp\/v2\/pages\/17#wpcf7-f6-o1\" method=\"post\" class=\"wpcf7-form init\" aria-label=\"Modulo di contatto\" novalidate=\"novalidate\" data-status=\"init\">\n<fieldset class=\"hidden-fields-container\"><input type=\"hidden\" name=\"_wpcf7\" value=\"6\" \/><input type=\"hidden\" name=\"_wpcf7_version\" value=\"6.1.5\" \/><input type=\"hidden\" name=\"_wpcf7_locale\" value=\"it_IT\" \/><input type=\"hidden\" name=\"_wpcf7_unit_tag\" value=\"wpcf7-f6-o1\" \/><input type=\"hidden\" name=\"_wpcf7_container_post\" value=\"0\" \/><input type=\"hidden\" name=\"_wpcf7_posted_data_hash\" value=\"\" \/>\n<\/fieldset>\n<p>Il tuo nome (richiesto)\n<\/p>\n<p><span class=\"wpcf7-form-control-wrap\" data-name=\"your-name\"><input size=\"40\" maxlength=\"400\" class=\"wpcf7-form-control wpcf7-text wpcf7-validates-as-required\" aria-required=\"true\" aria-invalid=\"false\" value=\"\" type=\"text\" name=\"your-name\" \/><\/span>\n<\/p>\n<p>La tua email (richiesto)\n<\/p>\n<p><span class=\"wpcf7-form-control-wrap\" data-name=\"your-email\"><input size=\"40\" maxlength=\"400\" class=\"wpcf7-form-control wpcf7-email wpcf7-validates-as-required wpcf7-text wpcf7-validates-as-email\" aria-required=\"true\" aria-invalid=\"false\" value=\"\" type=\"email\" name=\"your-email\" \/><\/span>\n<\/p>\n<p>Oggetto\n<\/p>\n<p><span class=\"wpcf7-form-control-wrap\" data-name=\"your-subject\"><input size=\"40\" maxlength=\"400\" class=\"wpcf7-form-control wpcf7-text\" aria-invalid=\"false\" value=\"\" type=\"text\" name=\"your-subject\" \/><\/span>\n<\/p>\n<p>Il tuo messaggio\n<\/p>\n<p><span class=\"wpcf7-form-control-wrap\" data-name=\"your-message\"><textarea cols=\"40\" rows=\"10\" maxlength=\"2000\" class=\"wpcf7-form-control wpcf7-textarea\" aria-invalid=\"false\" name=\"your-message\"><\/textarea><\/span>\n<\/p>\n<p><input class=\"wpcf7-form-control wpcf7-submit has-spinner\" type=\"submit\" value=\"Invia\" \/>\n<\/p><div class=\"wpcf7-response-output\" aria-hidden=\"true\"><\/div>\n<\/form>\n<\/div>\n[\/vc_column][\/vc_row][vc_row top=&#8221;0px&#8221;][vc_column][vc_gmaps link=&#8221;#E-8_JTNDaWZyYW1lJTIwc3JjJTNEJTIyaHR0cHMlM0ElMkYlMkZ3d3cuZ29vZ2xlLmNvbSUyRm1hcHMlMkZlbWJlZCUzRnBiJTNEJTIxMW0xOCUyMTFtMTIlMjExbTMlMjExZDM4NTYuNTc5ODAxMDU0NDY4JTIxMmQxMC4wNTM4MzA3MTYwNTM2NTklMjEzZDQ2LjMyNTQ3NDc4MzU4MDMxJTIxMm0zJTIxMWYwJTIxMmYwJTIxM2YwJTIxM20yJTIxMWkxMDI0JTIxMmk3NjglMjE0ZjEzLjElMjEzbTMlMjExbTIlMjExczB4NDc4MzllOTg2NmUxOTAzMSUyNTNBMHg3M2EwNDYxZGZlNGYyNjYzJTIxMnNGYXVzdG8lMkJHZXJ2YXNpJTIxNWUxJTIxM20yJTIxMXNkZSUyMTJzdXMlMjE0djE0NTQ5MzYwMzE2MzMlMjIlMjB3aWR0aCUzRCUyMjYwMCUyMiUyMGhlaWdodCUzRCUyMjQ1MCUyMiUyMGZyYW1lYm9yZGVyJTNEJTIyMCUyMiUyMHN0eWxlJTNEJTIyYm9yZGVyJTNBMCUyMiUyMGFsbG93ZnVsbHNjcmVlbiUzRSUzQyUyRmlmcmFtZSUzRQ==&#8221;][\/vc_column][\/vc_row]<\/p>\n","protected":false},"excerpt":{"rendered":"<p>[vc_row bottom=&#8221;35px&#8221;][vc_column][vc_column_text] Non esitate a\u00a0contattarci.. Per qualsiasi domanda o richiesta siamo a completa disposizione![\/vc_column_text][\/vc_column][\/vc_row][vc_row top=&#8221;35px&#8221;][vc_column width=&#8221;1\/3&#8243; css=&#8221;.vc_custom_1426022446972{padding-right: 40px !important;}&#8221;][mnky_list_item icon_fontawesome=&#8221;fa fa-clock-o&#8221;]Orari d&#8217;apertura[\/mnky_list_item][vc_empty_space height=&#8221;5px&#8221;][vc_column_text]Luned\u00ec: 07:30-12:00 | 13:30-17:00 Marted\u00ec: 07:30-12:00 | 13:30-17:00 Mercoled\u00ec: 07:30-12:00 | 13:30-17:00 Gioved\u00ec: 07:30-12:00 | 13:30-17:00 Venerd\u00ec: 07:30-12:00 | 13:30-17:00 Sabato:\u00a0chiuso Domenica: chiuso[\/vc_column_text][vc_empty_space height=&#8221;60px&#8221;][mnky_list_item icon_fontawesome=&#8221;fa fa-home&#8221;]DOVE SIAMO[\/mnky_list_item][vc_empty_space height=&#8221;5px&#8221;][vc_column_text]GERVASI SA Falegnameria e Serramenti Via [&hellip;]<\/p>\n","protected":false},"author":3,"featured_media":0,"parent":0,"menu_order":0,"comment_status":"closed","ping_status":"closed","template":"","meta":{"footnotes":""},"class_list":["post-17","page","type-page","status-publish","hentry"],"_links":{"self":[{"href":"https:\/\/gervasi-poschiavo.ch\/index.php\/wp-json\/wp\/v2\/pages\/17","targetHints":{"allow":["GET"]}}],"collection":[{"href":"https:\/\/gervasi-poschiavo.ch\/index.php\/wp-json\/wp\/v2\/pages"}],"about":[{"href":"https:\/\/gervasi-poschiavo.ch\/index.php\/wp-json\/wp\/v2\/types\/page"}],"author":[{"embeddable":true,"href":"https:\/\/gervasi-poschiavo.ch\/index.php\/wp-json\/wp\/v2\/users\/3"}],"replies":[{"embeddable":true,"href":"https:\/\/gervasi-poschiavo.ch\/index.php\/wp-json\/wp\/v2\/comments?post=17"}],"version-history":[{"count":15,"href":"https:\/\/gervasi-poschiavo.ch\/index.php\/wp-json\/wp\/v2\/pages\/17\/revisions"}],"predecessor-version":[{"id":368,"href":"https:\/\/gervasi-poschiavo.ch\/index.php\/wp-json\/wp\/v2\/pages\/17\/revisions\/368"}],"wp:attachment":[{"href":"https:\/\/gervasi-poschiavo.ch\/index.php\/wp-json\/wp\/v2\/media?parent=17"}],"curies":[{"name":"wp","href":"https:\/\/api.w.org\/{rel}","templated":true}]}}